{"id":7,"date":"2021-03-15T18:00:24","date_gmt":"2021-03-15T17:00:24","guid":{"rendered":"http:\/\/www.itvm.home.pl\/bip\/?page_id=7"},"modified":"2021-05-02T11:08:05","modified_gmt":"2021-05-02T09:08:05","slug":"menu-podmiotowe","status":"publish","type":"page","link":"https:\/\/www.bip.m-ok.pl\/","title":{"rendered":""},"content":{"rendered":"<h1 style=\"text-align: center;\">Biuletyn Informacji Publicznej<br \/>\nMys\u0142owickiego O\u015brodka Kultury<\/h1>\n<h3>Dane teleadresowe<\/h3>\n<p style=\"padding-left: 30px;\">Mys\u0142owicki O\u015brodek Kultury<br \/>\nul. Grunwaldzka 7<br \/>\n41 \u2013 400 Mys\u0142owice, woj. \u015bl\u0105skie<\/p>\n<h3>Dane kontaktowe<\/h3>\n<p style=\"padding-left: 30px;\"><strong>Telefony:<\/strong> + 48 (32) 308-66-70<br \/>\n<strong>Fax:<\/strong> + 48 (32) 308-66-75<br \/>\nE-mail: <a href=\"mailto:sekretariat@m-ok.pl\">sekretariat@m-ok.pl<\/a><br \/>\nWWW: <a title=\"Oficjalna strona Mys\u0142owickiego O\u015brodka Kultury\" href=\"http:\/\/www.m-ok.pl\" target=\"_blank\" rel=\"noopener\">www.m-ok.pl<\/a><\/p>\n<h3>Nr rachunku bankowego<\/h3>\n<p style=\"padding-left: 30px;\">ING Bank \u015al\u0105ski 23 1050 1214 1000 0023 5711 4632<\/p>\n<h3>NIP<\/h3>\n<p style=\"padding-left: 30px;\">NIP: 222-089-15-51<\/p>\n","protected":false},"excerpt":{"rendered":"<p>Biuletyn Informacji Publicznej Mys\u0142owickiego O\u015brodka Kultury Dane teleadresowe Mys\u0142owicki O\u015brodek Kultury ul. Grunwaldzka 7 41 \u2013 400 Mys\u0142owice, woj. \u015bl\u0105skie Dane kontaktowe Telefony: + 48 (32) 308-66-70 Fax: + 48 (32) 308-66-75 E-mail: sekretariat@m-ok.pl WWW: www.m-ok.pl Nr rachunku bankowego ING Bank \u015al\u0105ski 23 1050 1214 1000 0023 5711 4632 NIP NIP: 222-089-15-51<\/p>\n","protected":false},"author":1,"featured_media":0,"parent":0,"menu_order":0,"comment_status":"closed","ping_status":"closed","template":"","meta":[],"_links":{"self":[{"href":"https:\/\/www.bip.m-ok.pl\/index.php?rest_route=\/wp\/v2\/pages\/7"}],"collection":[{"href":"https:\/\/www.bip.m-ok.pl\/index.php?rest_route=\/wp\/v2\/pages"}],"about":[{"href":"https:\/\/www.bip.m-ok.pl\/index.php?rest_route=\/wp\/v2\/types\/page"}],"author":[{"embeddable":true,"href":"https:\/\/www.bip.m-ok.pl\/index.php?rest_route=\/wp\/v2\/users\/1"}],"replies":[{"embeddable":true,"href":"https:\/\/www.bip.m-ok.pl\/index.php?rest_route=%2Fwp%2Fv2%2Fcomments&post=7"}],"version-history":[{"count":9,"href":"https:\/\/www.bip.m-ok.pl\/index.php?rest_route=\/wp\/v2\/pages\/7\/revisions"}],"predecessor-version":[{"id":357,"href":"https:\/\/www.bip.m-ok.pl\/index.php?rest_route=\/wp\/v2\/pages\/7\/revisions\/357"}],"wp:attachment":[{"href":"https:\/\/www.bip.m-ok.pl\/index.php?rest_route=%2Fwp%2Fv2%2Fmedia&parent=7"}],"curies":[{"name":"wp","href":"https:\/\/api.w.org\/{rel}","templated":true}]}}