{"id":34,"date":"2011-11-14T12:38:51","date_gmt":"2011-11-14T12:38:51","guid":{"rendered":"http:\/\/www.itvm.home.pl\/bip\/?page_id=34"},"modified":"2024-04-22T11:46:03","modified_gmt":"2024-04-22T09:46:03","slug":"zamowienia-publiczne","status":"publish","type":"page","link":"https:\/\/www.bip.m-ok.pl\/?page_id=34","title":{"rendered":"Zam\u00f3wienia publiczne"},"content":{"rendered":"\n<p><strong><a href=\"https:\/\/www.bip.m-ok.pl\/?page_id=364\">\u201eTermomodernizacja budynku Mys\u0142owickiego O\u015brodka Kultury przy ul. Olbrychta Strumie\u0144skiego 4,4A,6 w Mys\u0142owicach.\u201d (znak sprawy: DAK.262.1.2022)<\/a><\/strong> <br>10 maja 2022<\/p>\n\n\n\n<p><a rel=\"noreferrer noopener\" href=\"https:\/\/www.bip.m-ok.pl\/?page_id=384\" data-type=\"URL\" data-id=\"https:\/\/www.bip.m-ok.pl\/?page_id=384\" target=\"_blank\"><strong>Og\u0142oszenie o zam\u00f3wieniu Roboty budowlane \u201eTermomodernizacja budynku Mys\u0142owickiego O\u015brodka Kultury przy ul. Olbrychta Strumie\u0144skiego 4,4A,6 w Mys\u0142owicach.\u201d<\/strong><\/a><\/p>\n\n\n\n<p>24 Kwiecie\u0144 2023<\/p>\n\n\n\n<p><strong>Plan Zam\u00f3wie\u0144 Publicznych na 2023 rok<\/strong><\/p>\n\n\n\n<div class=\"wp-block-file\"><a id=\"wp-block-file--media-a09da411-3346-45eb-a818-ccf841d219d1\" href=\"https:\/\/www.bip.m-ok.pl\/wp-content\/uploads\/2023\/12\/Plan-Zamowien-Publicznych-na-rok-2023-1.pdf\">Plan-Zamowien-Publicznych-na-rok-2023-1<\/a><a href=\"https:\/\/www.bip.m-ok.pl\/wp-content\/uploads\/2023\/12\/Plan-Zamowien-Publicznych-na-rok-2023-1.pdf\" class=\"wp-block-file__button wp-element-button\" download aria-describedby=\"wp-block-file--media-a09da411-3346-45eb-a818-ccf841d219d1\">Pobierz<\/a><\/div>\n\n\n\n<h2 class=\"has-medium-font-size\">Plan Zam\u00f3wie\u0144 Publicznych na 2024 rok<\/h2>\n\n\n\n<div class=\"wp-block-file\"><a id=\"wp-block-file--media-943b6cd4-806b-4fc2-bf0a-cff2d586ca40\" href=\"https:\/\/www.bip.m-ok.pl\/wp-content\/uploads\/2024\/04\/Plan-postepowan-o-udzielenie-zamowien-na-rok-2024_BZP-00295019_01_P.pdf\">Plan-postepowan-o-udzielenie-zamowien-na-rok-2024_BZP-00295019_01_P<\/a><a href=\"https:\/\/www.bip.m-ok.pl\/wp-content\/uploads\/2024\/04\/Plan-postepowan-o-udzielenie-zamowien-na-rok-2024_BZP-00295019_01_P.pdf\" class=\"wp-block-file__button wp-element-button\" download aria-describedby=\"wp-block-file--media-943b6cd4-806b-4fc2-bf0a-cff2d586ca40\">Pobierz<\/a><\/div>\n","protected":false},"excerpt":{"rendered":"<p>\u201eTermomodernizacja budynku Mys\u0142owickiego O\u015brodka Kultury przy ul. Olbrychta Strumie\u0144skiego 4,4A,6 w Mys\u0142owicach.\u201d (znak sprawy: DAK.262.1.2022) 10 maja 2022 Og\u0142oszenie o zam\u00f3wieniu Roboty budowlane \u201eTermomodernizacja budynku Mys\u0142owickiego O\u015brodka Kultury przy ul. Olbrychta Strumie\u0144skiego 4,4A,6 w Mys\u0142owicach.\u201d 24 Kwiecie\u0144 2023 Plan Zam\u00f3wie\u0144 Publicznych na 2023 rok Plan Zam\u00f3wie\u0144 Publicznych na 2024 rok<\/p>\n","protected":false},"author":1,"featured_media":0,"parent":16,"menu_order":1,"comment_status":"open","ping_status":"open","template":"","meta":[],"_links":{"self":[{"href":"https:\/\/www.bip.m-ok.pl\/index.php?rest_route=\/wp\/v2\/pages\/34"}],"collection":[{"href":"https:\/\/www.bip.m-ok.pl\/index.php?rest_route=\/wp\/v2\/pages"}],"about":[{"href":"https:\/\/www.bip.m-ok.pl\/index.php?rest_route=\/wp\/v2\/types\/page"}],"author":[{"embeddable":true,"href":"https:\/\/www.bip.m-ok.pl\/index.php?rest_route=\/wp\/v2\/users\/1"}],"replies":[{"embeddable":true,"href":"https:\/\/www.bip.m-ok.pl\/index.php?rest_route=%2Fwp%2Fv2%2Fcomments&post=34"}],"version-history":[{"count":10,"href":"https:\/\/www.bip.m-ok.pl\/index.php?rest_route=\/wp\/v2\/pages\/34\/revisions"}],"predecessor-version":[{"id":461,"href":"https:\/\/www.bip.m-ok.pl\/index.php?rest_route=\/wp\/v2\/pages\/34\/revisions\/461"}],"up":[{"embeddable":true,"href":"https:\/\/www.bip.m-ok.pl\/index.php?rest_route=\/wp\/v2\/pages\/16"}],"wp:attachment":[{"href":"https:\/\/www.bip.m-ok.pl\/index.php?rest_route=%2Fwp%2Fv2%2Fmedia&parent=34"}],"curies":[{"name":"wp","href":"https:\/\/api.w.org\/{rel}","templated":true}]}}