{"id":130,"date":"2021-03-15T18:00:36","date_gmt":"2021-03-15T17:00:36","guid":{"rendered":"http:\/\/www.m-ok.pl\/bip\/?page_id=130"},"modified":"2024-01-17T15:56:51","modified_gmt":"2024-01-17T14:56:51","slug":"filie","status":"publish","type":"page","link":"https:\/\/www.bip.m-ok.pl\/?page_id=130","title":{"rendered":"Filie"},"content":{"rendered":"<p><strong>Poni\u017cej udost\u0119pniamy Pa\u0144stwu dok\u0142adne dane kontaktowe do poszczeg\u00f3lnych filii Mys\u0142owickiego O\u015brodka Kultury:<\/strong><\/p>\n<h3>Filia Brzezinka<\/h3>\n<p>ul. Laryska 5<br \/>\n41-404 Mys\u0142owice<br \/>\n<strong>tel.\u00a0570 401 717<\/strong><br \/>\n<strong>e-mail:<\/strong> <a href=\"mailto:brzezinka@m-ok.pl\">brzezinka@m-ok.pl<\/a><\/p>\n<h3>Filia Brz\u0119czkowice<\/h3>\n<p>ul. Franciszka Kawy 12,<br \/>\n41-412 Mys\u0142owice<br \/>\n<strong>tel.<\/strong>\u00a0<b>\u00a0<\/b><strong>570 401 277<\/strong><br \/>\n<strong>e-mail:<\/strong> <a href=\"mailto:brzeczkowice@m-ok.pl\">brzeczkowice@m-ok.pl<\/a><\/p>\n<h3>Filia Dzie\u0107kowice<\/h3>\n<p>ul. D\u0142uga 70 A<br \/>\n<strong>tel.\u00a0<\/strong> <strong>570 401 052<\/strong><br \/>\n<strong>e-mail:<\/strong> <a href=\"mailto:dzieckowice@m-ok.pl\">dzieckowice@m-ok.pl<\/a><\/p>\n<h3>Filia Morgi<\/h3>\n<p>ul. Wybickiego 80,<br \/>\n<strong> tel.<\/strong>\u00a0<strong>570 401 844<\/strong><br \/>\n<strong>e-mail:<\/strong> <a href=\"mailto:morgi@m-ok.pl\">morgi@m-ok.pl<\/a><\/p>\n<h3>Filia Weso\u0142a<\/h3>\n<p>ul. Piast\u00f3w \u015al\u0105skich 8,<br \/>\n<strong> tel.<\/strong> <strong>570 401 515<\/strong><br \/>\n<strong>e-mail:<\/strong> <a href=\"mailto:wesola@m-ok.pl\">wesola@m-ok.pl<\/a><\/p>\n","protected":false},"excerpt":{"rendered":"<p>Poni\u017cej udost\u0119pniamy Pa\u0144stwu dok\u0142adne dane kontaktowe do poszczeg\u00f3lnych filii Mys\u0142owickiego O\u015brodka Kultury: Filia Brzezinka ul. Laryska 5 41-404 Mys\u0142owice tel.\u00a0570 401 717 e-mail: brzezinka@m-ok.pl Filia Brz\u0119czkowice ul. Franciszka Kawy 12, 41-412 Mys\u0142owice tel.\u00a0\u00a0570 401 277 e-mail: brzeczkowice@m-ok.pl Filia Dzie\u0107kowice ul. D\u0142uga 70 A tel.\u00a0 570 401 052 e-mail: dzieckowice@m-ok.pl Filia Morgi ul. Wybickiego 80, tel.\u00a0570 [&hellip;]<\/p>\n","protected":false},"author":1,"featured_media":0,"parent":14,"menu_order":2,"comment_status":"closed","ping_status":"closed","template":"","meta":[],"_links":{"self":[{"href":"https:\/\/www.bip.m-ok.pl\/index.php?rest_route=\/wp\/v2\/pages\/130"}],"collection":[{"href":"https:\/\/www.bip.m-ok.pl\/index.php?rest_route=\/wp\/v2\/pages"}],"about":[{"href":"https:\/\/www.bip.m-ok.pl\/index.php?rest_route=\/wp\/v2\/types\/page"}],"author":[{"embeddable":true,"href":"https:\/\/www.bip.m-ok.pl\/index.php?rest_route=\/wp\/v2\/users\/1"}],"replies":[{"embeddable":true,"href":"https:\/\/www.bip.m-ok.pl\/index.php?rest_route=%2Fwp%2Fv2%2Fcomments&post=130"}],"version-history":[{"count":9,"href":"https:\/\/www.bip.m-ok.pl\/index.php?rest_route=\/wp\/v2\/pages\/130\/revisions"}],"predecessor-version":[{"id":447,"href":"https:\/\/www.bip.m-ok.pl\/index.php?rest_route=\/wp\/v2\/pages\/130\/revisions\/447"}],"up":[{"embeddable":true,"href":"https:\/\/www.bip.m-ok.pl\/index.php?rest_route=\/wp\/v2\/pages\/14"}],"wp:attachment":[{"href":"https:\/\/www.bip.m-ok.pl\/index.php?rest_route=%2Fwp%2Fv2%2Fmedia&parent=130"}],"curies":[{"name":"wp","href":"https:\/\/api.w.org\/{rel}","templated":true}]}}